{"id":173,"date":"2026-04-25T07:18:39","date_gmt":"2026-04-25T07:18:39","guid":{"rendered":"https:\/\/cardinity.pl\/?post_type=product&#038;p=173"},"modified":"2026-04-25T07:24:12","modified_gmt":"2026-04-25T07:24:12","slug":"real-madryt-team-set-2025-26-topps","status":"publish","type":"product","link":"https:\/\/cardinity.pl\/?product=real-madryt-team-set-2025-26-topps","title":{"rendered":"Real Madryt Team Set 2025\/26 Topps"},"content":{"rendered":"<h3 data-section-id=\"538o08\" data-start=\"258\" data-end=\"282\">\ud83d\udce6 Co zawiera box?<\/h3>\n<p data-start=\"283\" data-end=\"586\">\u2714\ufe0f \ud83c\udccf <strong data-start=\"289\" data-end=\"328\">Kompletny team set \u2013 <b class=\"def\" data-path-to-node=\"5\" data-index-in-node=\"0\">\u0141\u0105cznie a\u017c 30 wspania\u0142ych kart do odkrycia!<\/b><\/strong>\u00a0(pierwszy sk\u0142ad + gwiazdy + m\u0142odzi zawodnicy)<br data-start=\"374\" data-end=\"377\" \/>\u2714\ufe0f \ud83c\udf1f Karty bazowe wszystkich kluczowych pi\u0142karzy<br data-start=\"426\" data-end=\"429\" \/>\u2714\ufe0f \ud83d\udc8e Mo\u017cliwo\u015b\u0107 trafienia <strong data-start=\"455\" data-end=\"480\">limitowanych paraleli<\/strong> (r\u00f3\u017cne kolory i rzadko\u015bci)<br data-start=\"507\" data-end=\"510\" \/>\u2714\ufe0f \u270d\ufe0f Szansa na <strong data-start=\"526\" data-end=\"563\">autografy zawodnik\u00f3w Realu Madryt<\/strong> (w wybranych boxach)<\/p>\n<hr data-start=\"588\" data-end=\"591\" \/>\n<h3 data-section-id=\"d8q3wo\" data-start=\"593\" data-end=\"617\">\ud83c\udfaf Dlaczego warto?<\/h3>\n<p data-start=\"618\" data-end=\"755\">\u2714\ufe0f Idealny produkt dla fan\u00f3w Realu \ud83d\udc51<br data-start=\"655\" data-end=\"658\" \/>\u2714\ufe0f \u015awietny na start kolekcji lub prezent \ud83c\udf81<br data-start=\"701\" data-end=\"704\" \/>\u2714\ufe0f Szansa na trafienie rzadkich kart i autograf\u00f3w<\/p>\n","protected":false},"excerpt":{"rendered":"<p>Dedykowany zestaw kart dla fan\u00f3w <span class=\"hover:entity-accent entity-underline inline cursor-pointer align-baseline\"><span class=\"whitespace-normal\">Real Madrid<\/span><\/span> od <span class=\"hover:entity-accent entity-underline inline cursor-pointer align-baseline\"><span class=\"whitespace-normal\">Topps<\/span><\/span> \u2013 idealny, \u017ceby zebra\u0107 sk\u0142ad jednej z najwi\u0119kszych dru\u017cyn \u015bwiata w jednym miejscu \u26bd\ud83d\udc51<\/p>\n","protected":false},"featured_media":174,"comment_status":"open","ping_status":"closed","template":"","meta":[],"product_brand":[102],"product_cat":[44,62,50,64,51,55,49,68,47],"product_tag":[],"class_list":{"0":"post-173","1":"product","2":"type-product","3":"status-publish","4":"has-post-thumbnail","6":"product_brand-topps","7":"product_cat-pilka-nozna","8":"product_cat-boxy-kategorie","9":"product_cat-boxy","10":"product_cat-laliga","11":"product_cat-paczki","12":"product_cat-topps-chrome","13":"product_cat-wszystkie-produkty","14":"product_cat-real-madryt","15":"product_cat-autografy","17":"first","18":"instock","19":"sold-individually","20":"shipping-taxable","21":"purchasable","22":"product-type-simple"},"_links":{"self":[{"href":"https:\/\/cardinity.pl\/index.php?rest_route=\/wp\/v2\/product\/173","targetHints":{"allow":["GET"]}}],"collection":[{"href":"https:\/\/cardinity.pl\/index.php?rest_route=\/wp\/v2\/product"}],"about":[{"href":"https:\/\/cardinity.pl\/index.php?rest_route=\/wp\/v2\/types\/product"}],"replies":[{"embeddable":true,"href":"https:\/\/cardinity.pl\/index.php?rest_route=%2Fwp%2Fv2%2Fcomments&post=173"}],"wp:featuredmedia":[{"embeddable":true,"href":"https:\/\/cardinity.pl\/index.php?rest_route=\/wp\/v2\/media\/174"}],"wp:attachment":[{"href":"https:\/\/cardinity.pl\/index.php?rest_route=%2Fwp%2Fv2%2Fmedia&parent=173"}],"wp:term":[{"taxonomy":"product_brand","embeddable":true,"href":"https:\/\/cardinity.pl\/index.php?rest_route=%2Fwp%2Fv2%2Fproduct_brand&post=173"},{"taxonomy":"product_cat","embeddable":true,"href":"https:\/\/cardinity.pl\/index.php?rest_route=%2Fwp%2Fv2%2Fproduct_cat&post=173"},{"taxonomy":"product_tag","embeddable":true,"href":"https:\/\/cardinity.pl\/index.php?rest_route=%2Fwp%2Fv2%2Fproduct_tag&post=173"}],"curies":[{"name":"wp","href":"https:\/\/api.w.org\/{rel}","templated":true}]}}