{"id":24,"date":"2026-03-31T18:04:52","date_gmt":"2026-03-31T18:04:52","guid":{"rendered":"https:\/\/cardinity.pl\/?post_type=product&#038;p=24"},"modified":"2026-04-25T19:19:16","modified_gmt":"2026-04-25T19:19:16","slug":"karty-test-kopia-2","status":"publish","type":"product","link":"https:\/\/cardinity.pl\/?product=karty-test-kopia-2","title":{"rendered":"2025\/26 Panini Select La Liga \u2013 Hobby box"},"content":{"rendered":"<h3 data-section-id=\"whh9ev\" data-start=\"0\" data-end=\"53\">\ud83d\udd25 2025\/26 Panini Select La Liga \u2013 Hobby Box \ud83d\udd25<\/h3>\n<p data-start=\"55\" data-end=\"292\">Topowy produkt od <span class=\"hover:entity-accent entity-underline inline cursor-pointer align-baseline\"><span class=\"whitespace-normal\">Panini<\/span><\/span> dla fan\u00f3w <span class=\"hover:entity-accent entity-underline inline cursor-pointer align-baseline\"><span class=\"whitespace-normal\">La Liga<\/span><\/span> \u26bd\ud83c\uddea\ud83c\uddf8<br data-start=\"164\" data-end=\"167\" \/>Select to jedna z najbardziej premium serii kart \u2013 znana z <strong data-start=\"226\" data-end=\"287\">\u015bwietnego designu, rzadkich insert\u00f3w i mocnych autograf\u00f3w<\/strong> \ud83d\udc8e<\/p>\n<hr data-start=\"294\" data-end=\"297\" \/>\n<h3 data-section-id=\"1zfao4\" data-start=\"299\" data-end=\"330\">\ud83d\udce6 Co znajdziesz w boxie?<\/h3>\n<p data-start=\"331\" data-end=\"651\">\u2714\ufe0f Kilka poziom\u00f3w kart bazowych (Concourse \/ Premier \/ La Liga level) \ud83c\udccf<br data-start=\"403\" data-end=\"406\" \/>\u2714\ufe0f \ud83d\udd25 <strong data-start=\"412\" data-end=\"443\">Autografy i\/lub memorabilia<\/strong> topowych zawodnik\u00f3w<br data-start=\"463\" data-end=\"466\" \/>\u2714\ufe0f \ud83d\udc8e Limitowane karty (r\u00f3\u017cne poziomy rzadko\u015bci)<br data-start=\"514\" data-end=\"517\" \/>\u2714\ufe0f \ud83c\udf08 Przepi\u0119kne <strong data-start=\"534\" data-end=\"556\">prizmy (parallele)<\/strong> \u2013 Silver, Gold, Tie-Dye i wi\u0119cej<br data-start=\"589\" data-end=\"592\" \/>\u2714\ufe0f \u26a1 Szansa na ultra rzadkie hity i karty topowych gwiazd<\/p>\n<hr data-start=\"653\" data-end=\"656\" \/>\n<h3 data-section-id=\"d8q3wo\" data-start=\"658\" data-end=\"682\">\ud83c\udfaf Dlaczego warto?<\/h3>\n<p data-start=\"683\" data-end=\"841\">\u2714\ufe0f Jedna z najbardziej po\u017c\u0105danych serii na rynku<br data-start=\"731\" data-end=\"734\" \/>\u2714\ufe0f Idealna pod kolekcj\u0119 i inwestycj\u0119 \ud83d\udcc8<br data-start=\"773\" data-end=\"776\" \/>\u2714\ufe0f Mega potencja\u0142 trafienia hit\u00f3w (gwiazdy, rookies, legendy) \u2b50<\/p>\n","protected":false},"excerpt":{"rendered":"<p>\ud83d\udd25 Premium box Select La Liga z szans\u0105 na autografy, limitki i topowe karty gwiazd \u015bwiatowej pi\u0142ki \u26bd\ud83d\udc8e<\/p>\n","protected":false},"featured_media":170,"comment_status":"open","ping_status":"closed","template":"","meta":[],"product_brand":[101],"product_cat":[44,50,62,69,53,64,54,52,56,68,47],"product_tag":[],"class_list":{"0":"post-24","1":"product","2":"type-product","3":"status-publish","4":"has-post-thumbnail","6":"product_brand-panini","7":"product_cat-pilka-nozna","8":"product_cat-boxy","9":"product_cat-boxy-kategorie","10":"product_cat-fc-barcelona","11":"product_cat-hity-tygodnia","12":"product_cat-laliga","13":"product_cat-najpopularniejsze","14":"product_cat-nowosci","15":"product_cat-panini-select","16":"product_cat-real-madryt","17":"product_cat-autografy","19":"first","20":"instock","21":"sold-individually","22":"shipping-taxable","23":"purchasable","24":"product-type-simple"},"_links":{"self":[{"href":"https:\/\/cardinity.pl\/index.php?rest_route=\/wp\/v2\/product\/24","targetHints":{"allow":["GET"]}}],"collection":[{"href":"https:\/\/cardinity.pl\/index.php?rest_route=\/wp\/v2\/product"}],"about":[{"href":"https:\/\/cardinity.pl\/index.php?rest_route=\/wp\/v2\/types\/product"}],"replies":[{"embeddable":true,"href":"https:\/\/cardinity.pl\/index.php?rest_route=%2Fwp%2Fv2%2Fcomments&post=24"}],"wp:featuredmedia":[{"embeddable":true,"href":"https:\/\/cardinity.pl\/index.php?rest_route=\/wp\/v2\/media\/170"}],"wp:attachment":[{"href":"https:\/\/cardinity.pl\/index.php?rest_route=%2Fwp%2Fv2%2Fmedia&parent=24"}],"wp:term":[{"taxonomy":"product_brand","embeddable":true,"href":"https:\/\/cardinity.pl\/index.php?rest_route=%2Fwp%2Fv2%2Fproduct_brand&post=24"},{"taxonomy":"product_cat","embeddable":true,"href":"https:\/\/cardinity.pl\/index.php?rest_route=%2Fwp%2Fv2%2Fproduct_cat&post=24"},{"taxonomy":"product_tag","embeddable":true,"href":"https:\/\/cardinity.pl\/index.php?rest_route=%2Fwp%2Fv2%2Fproduct_tag&post=24"}],"curies":[{"name":"wp","href":"https:\/\/api.w.org\/{rel}","templated":true}]}}