{"id":64,"date":"2026-04-09T19:42:10","date_gmt":"2026-04-09T19:42:10","guid":{"rendered":"https:\/\/cardinity.pl\/?post_type=product&#038;p=64"},"modified":"2026-04-26T13:00:55","modified_gmt":"2026-04-26T13:00:55","slug":"karty-oferta-break","status":"publish","type":"product","link":"https:\/\/cardinity.pl\/?product=karty-oferta-break","title":{"rendered":"Break &#8211; 1 Case Hobby Box Sportzoo Halftime 2025\/26"},"content":{"rendered":"<h3 data-section-id=\"1g32l5s\" data-start=\"0\" data-end=\"75\">\ud83d\udd25 BREAK \u2013 Hobby Case SportZoo PKO BP Ekstraklasa 2025\/26 Halftime \ud83d\udd25<\/h3>\n<p data-start=\"77\" data-end=\"262\">Wchodzisz w <strong data-start=\"89\" data-end=\"111\">pe\u0142en emocji break<\/strong> z topowego produktu Ekstraklasy! \u26bd\ud83d\udc8e<br data-start=\"148\" data-end=\"151\" \/>To <strong data-start=\"154\" data-end=\"177\">Hobby Case (4 boxy)<\/strong>, kt\u00f3ry daje realn\u0105 szans\u0119 na trafienie <strong data-start=\"217\" data-end=\"257\">autograf\u00f3w, kart 1\/1 i grubych hit\u00f3w<\/strong> \ud83d\ude80<\/p>\n<hr data-start=\"264\" data-end=\"267\" \/>\n<h3 data-section-id=\"zcl2f6\" data-start=\"269\" data-end=\"295\">\ud83d\udce6 Co zawiera break?<\/h3>\n<p data-start=\"296\" data-end=\"390\">\u2714\ufe0f <strong data-start=\"299\" data-end=\"315\">4 Hobby boxy<\/strong><br data-start=\"315\" data-end=\"318\" \/>\u2714\ufe0f <strong data-start=\"321\" data-end=\"343\">\u0141\u0105cznie a\u017c 88 kart<\/strong> \ud83c\udccf<br data-start=\"346\" data-end=\"349\" \/>\u2714\ufe0f Ka\u017cdy case zawiera HIT gwarantowany:<\/p>\n<ul data-start=\"391\" data-end=\"495\">\n<li data-section-id=\"yvgtm9\" data-start=\"391\" data-end=\"440\">\ud83d\udcd6 <strong data-start=\"396\" data-end=\"432\">Booklet Team Synergy Duo Auto \/9<\/strong><br data-start=\"432\" data-end=\"435\" \/>lub<\/li>\n<li data-section-id=\"u8kdit\" data-start=\"441\" data-end=\"495\">\u2728 <strong data-start=\"445\" data-end=\"493\">Halftime Highlights Memorabilia Gold Auto \/6<\/strong><\/li>\n<\/ul>\n<hr data-start=\"497\" data-end=\"500\" \/>\n<h3 data-section-id=\"1a2uzis\" data-start=\"502\" data-end=\"546\">\ud83c\udfaf Co znajdziesz w ka\u017cdym Hobby boxie?<\/h3>\n<p data-start=\"547\" data-end=\"661\">\ud83d\udd39 17x zestaw podstawowy<br data-start=\"571\" data-end=\"574\" \/>\ud83d\udd39 2x <strong data-start=\"580\" data-end=\"602\">Vintage Copper \/25<\/strong> \ud83d\udfe4<br data-start=\"605\" data-end=\"608\" \/>\ud83d\udd39 + <strong data-start=\"613\" data-end=\"642\">3 dodatkowe karty premium<\/strong>, kt\u00f3re mog\u0105 by\u0107:<\/p>\n<p data-start=\"663\" data-end=\"680\">\ud83d\udc8e <strong data-start=\"666\" data-end=\"678\">Limitki:<\/strong><\/p>\n<ul data-start=\"681\" data-end=\"749\">\n<li data-section-id=\"3s1ipp\" data-start=\"681\" data-end=\"703\">Vintage Copper \/25<\/li>\n<li data-section-id=\"8hlpcv\" data-start=\"704\" data-end=\"722\">Amber Gold \/10<\/li>\n<li data-section-id=\"12f9a13\" data-start=\"723\" data-end=\"749\">\ud83d\udd25 Ebony Black <strong data-start=\"740\" data-end=\"747\">1\/1<\/strong><\/li>\n<\/ul>\n<p data-start=\"751\" data-end=\"770\">\u270d\ufe0f <strong data-start=\"754\" data-end=\"768\">Autografy:<\/strong><\/p>\n<ul data-start=\"771\" data-end=\"861\">\n<li data-section-id=\"v8ze3s\" data-start=\"771\" data-end=\"791\">Q&amp;A Gold Auto \/6<\/li>\n<li data-section-id=\"1id0t19\" data-start=\"792\" data-end=\"824\">Magic Gloves Silver Auto \/25<\/li>\n<li data-section-id=\"oec6t7\" data-start=\"825\" data-end=\"861\">Team Synergy Duo (2 zawodnik\u00f3w!)<\/li>\n<\/ul>\n<p data-start=\"863\" data-end=\"884\">\ud83e\udde4 <strong data-start=\"866\" data-end=\"882\">Memorabilia:<\/strong><\/p>\n<ul data-start=\"885\" data-end=\"967\">\n<li data-section-id=\"1l1euo8\" data-start=\"885\" data-end=\"922\">Magic Gloves (fragment r\u0119kawicy!)<\/li>\n<li data-section-id=\"15n83y5\" data-start=\"923\" data-end=\"967\">Halftime Highlights (game-used materia\u0142)<\/li>\n<\/ul>\n<p data-start=\"969\" data-end=\"987\">\ud83d\udcd6 <strong data-start=\"972\" data-end=\"985\">Booklety:<\/strong><\/p>\n<ul data-start=\"988\" data-end=\"1036\">\n<li data-section-id=\"1aqa2ji\" data-start=\"988\" data-end=\"1036\">Team Synergy Duo Auto \/9 \u2013 karta ksi\u0105\u017ceczka!<\/li>\n<\/ul>\n<p data-start=\"1038\" data-end=\"1111\">\ud83d\udc49 Wszystkie hity (auto + memorabilia) w <strong data-start=\"1079\" data-end=\"1106\">magnetycznych holderach<\/strong> \ud83e\uddf2<\/p>\n<hr data-start=\"1113\" data-end=\"1116\" \/>\n<h3 data-section-id=\"19rqs1m\" data-start=\"1118\" data-end=\"1141\">\u26a1 Dlaczego warto?<\/h3>\n<p data-start=\"1142\" data-end=\"1293\">\u2714\ufe0f Szansa na <strong data-start=\"1155\" data-end=\"1184\">1\/1 i ultra rzadkie karty<\/strong><br data-start=\"1184\" data-end=\"1187\" \/>\u2714\ufe0f Mega produkt pod kolekcj\u0119 lub flip \ud83d\udcb0<br data-start=\"1227\" data-end=\"1230\" \/>\u2714\ufe0f Emocje na LIVE \ud83d\udd25<br data-start=\"1250\" data-end=\"1253\" \/>\u2714\ufe0f Ekstraklasa = rosn\u0105cy rynek kart \ud83d\udcc8<\/p>\n<hr data-start=\"1295\" data-end=\"1298\" \/>\n<h2 data-section-id=\"ebetnq\" data-start=\"1300\" data-end=\"1351\">\ud83c\udfdf\ufe0f Wybierz swoj\u0105 dru\u017cyn\u0119 (PYT \u2013 Pick Your Team)<\/h2>\n<p data-start=\"1353\" data-end=\"1920\">\ud83d\udd34 <strong data-start=\"1356\" data-end=\"1381\">Jagiellonia Bia\u0142ystok<\/strong> \u2013 400 z\u0142<br data-start=\"1390\" data-end=\"1393\" \/>\ud83d\udd35 <strong data-start=\"1396\" data-end=\"1411\">Lech Pozna\u0144<\/strong> \u2013 260 z\u0142<br data-start=\"1420\" data-end=\"1423\" \/>\u26aa <strong data-start=\"1425\" data-end=\"1443\">Legia Warszawa<\/strong> \u2013 240 z\u0142<br data-start=\"1452\" data-end=\"1455\" \/>\u26ab <strong data-start=\"1457\" data-end=\"1474\">G\u00f3rnik Zabrze<\/strong> \u2013 220 z\u0142<br data-start=\"1483\" data-end=\"1486\" \/>\ud83d\udd34 <strong data-start=\"1489\" data-end=\"1507\">Pogo\u0144 Szczecin<\/strong> \u2013 220 z\u0142<br data-start=\"1516\" data-end=\"1519\" \/>\ud83d\udd34 <strong data-start=\"1522\" data-end=\"1537\">Widzew \u0141\u00f3d\u017a<\/strong> \u2013 170 z\u0142<br data-start=\"1546\" data-end=\"1549\" \/>\ud83d\udd34 <strong data-start=\"1552\" data-end=\"1573\">Rak\u00f3w Cz\u0119stochowa<\/strong> \u2013 170 z\u0142<br data-start=\"1582\" data-end=\"1585\" \/>\ud83d\udd35 <strong data-start=\"1588\" data-end=\"1603\">Wis\u0142a P\u0142ock<\/strong> \u2013 150 z\u0142<br data-start=\"1612\" data-end=\"1615\" \/>\ud83d\udfe2 <strong data-start=\"1618\" data-end=\"1635\">Lechia Gda\u0144sk<\/strong> \u2013 140 z\u0142<br data-start=\"1644\" data-end=\"1647\" \/>\ud83d\udfe1 <strong data-start=\"1650\" data-end=\"1665\">Arka Gdynia<\/strong> \u2013 130 z\u0142<br data-start=\"1674\" data-end=\"1677\" \/>\ud83d\udfe1 <strong data-start=\"1680\" data-end=\"1697\">Korona Kielce<\/strong> \u2013 110 z\u0142<br data-start=\"1706\" data-end=\"1709\" \/>\ud83d\udfe2 <strong data-start=\"1712\" data-end=\"1728\" data-is-only-node=\"\">GKS Katowice<\/strong> \u2013 100 z\u0142<br data-start=\"1737\" data-end=\"1740\" \/>\ud83d\udfe1 <strong data-start=\"1743\" data-end=\"1759\">Motor Lublin<\/strong> \u2013 100 z\u0142<br data-start=\"1768\" data-end=\"1771\" \/>\ud83d\udfe2 <strong data-start=\"1774\" data-end=\"1792\">Radomiak Radom<\/strong> \u2013 100 z\u0142<br data-start=\"1801\" data-end=\"1804\" \/>\ud83d\udd34 <strong data-start=\"1807\" data-end=\"1819\">Cracovia<\/strong> \u2013 100 z\u0142<br data-start=\"1828\" data-end=\"1831\" \/>\ud83d\udd35 <strong data-start=\"1834\" data-end=\"1851\">Piast Gliwice<\/strong> \u2013 80 z\u0142<br data-start=\"1859\" data-end=\"1862\" \/>\ud83d\udfe0 <strong data-start=\"1865\" data-end=\"1878\">Termalica<\/strong> \u2013 80 z\u0142<br data-start=\"1886\" data-end=\"1889\" \/>\ud83d\udfe0 <strong data-start=\"1892\" data-end=\"1910\">Zag\u0142\u0119bie Lubin<\/strong> \u2013 80 z\u0142<\/p>\n<hr data-start=\"1922\" data-end=\"1925\" \/>\n<h3 data-section-id=\"vzjz9t\" data-start=\"1927\" data-end=\"1956\">\ud83d\udcfa Informacje dodatkowe<\/h3>\n<p data-start=\"1957\" data-end=\"2070\">\ud83c\udfa5 Break odbywa si\u0119 <strong data-start=\"1977\" data-end=\"1988\">na LIVE &#8211; do\u0142\u0105cz do grupy Cardinity.pl na Facebooku po wi\u0119cej informacji<\/strong><br data-start=\"1988\" data-end=\"1991\" \/>\ud83d\udce6 Wysy\u0142ka wszystkich trafionych kart<br data-start=\"2028\" data-end=\"2031\" \/>\ud83d\udd12 Bezpieczne pakowanie + top loadery<\/p>\n","protected":false},"excerpt":{"rendered":"<h6 data-start=\"0\" data-end=\"69\">\ud83d\udd25 <strong data-start=\"3\" data-end=\"64\">Hobby Case \u2013 <\/strong>To <strong data-start=\"97\" data-end=\"126\">pe\u0142ny case (4 Hobby boxy)<\/strong> zawieraj\u0105cy <strong data-start=\"139\" data-end=\"150\" data-is-only-node=\"\">88 kart<\/strong>, w kt\u00f3rym czekaj\u0105 na Ciebie <strong data-start=\"179\" data-end=\"238\">autografy, memorabilia oraz limitowane hity \u2013 nawet 1\/1<\/strong> \ud83d\udc8e<\/h6>\n<h6 data-start=\"245\" data-end=\"383\">Ka\u017cdy case gwarantuje mocny hit \ud83c\udfaf<\/h6>\n","protected":false},"featured_media":134,"comment_status":"open","ping_status":"closed","template":"","meta":[],"product_brand":[100],"product_cat":[44,66,42],"product_tag":[],"class_list":{"0":"post-64","1":"product","2":"type-product","3":"status-publish","4":"has-post-thumbnail","6":"product_brand-sportzoo","7":"product_cat-pilka-nozna","8":"product_cat-ekstraklasa","9":"product_cat-breaki","11":"first","12":"instock","13":"featured","14":"shipping-taxable","15":"purchasable","16":"product-type-variable"},"_links":{"self":[{"href":"https:\/\/cardinity.pl\/index.php?rest_route=\/wp\/v2\/product\/64","targetHints":{"allow":["GET"]}}],"collection":[{"href":"https:\/\/cardinity.pl\/index.php?rest_route=\/wp\/v2\/product"}],"about":[{"href":"https:\/\/cardinity.pl\/index.php?rest_route=\/wp\/v2\/types\/product"}],"replies":[{"embeddable":true,"href":"https:\/\/cardinity.pl\/index.php?rest_route=%2Fwp%2Fv2%2Fcomments&post=64"}],"wp:featuredmedia":[{"embeddable":true,"href":"https:\/\/cardinity.pl\/index.php?rest_route=\/wp\/v2\/media\/134"}],"wp:attachment":[{"href":"https:\/\/cardinity.pl\/index.php?rest_route=%2Fwp%2Fv2%2Fmedia&parent=64"}],"wp:term":[{"taxonomy":"product_brand","embeddable":true,"href":"https:\/\/cardinity.pl\/index.php?rest_route=%2Fwp%2Fv2%2Fproduct_brand&post=64"},{"taxonomy":"product_cat","embeddable":true,"href":"https:\/\/cardinity.pl\/index.php?rest_route=%2Fwp%2Fv2%2Fproduct_cat&post=64"},{"taxonomy":"product_tag","embeddable":true,"href":"https:\/\/cardinity.pl\/index.php?rest_route=%2Fwp%2Fv2%2Fproduct_tag&post=64"}],"curies":[{"name":"wp","href":"https:\/\/api.w.org\/{rel}","templated":true}]}}